{"id":8,"date":"2026-04-15T00:05:31","date_gmt":"2026-04-15T00:05:31","guid":{"rendered":"https:\/\/oko.tecnologyzero.com\/?page_id=8"},"modified":"2026-04-20T15:57:18","modified_gmt":"2026-04-20T15:57:18","slug":"oko","status":"publish","type":"page","link":"https:\/\/oko.tecnologyzero.com\/?page_id=8","title":{"rendered":"agencia oko"},"content":{"rendered":"\t\t<div data-elementor-type=\"wp-page\" data-elementor-id=\"8\" class=\"elementor elementor-8\">\n\t\t\t\t<div class=\"elementor-element elementor-element-2a85a7c e-flex e-con-boxed e-con e-parent\" data-id=\"2a85a7c\" data-element_type=\"container\" data-e-type=\"container\" data-settings=\"{&quot;background_background&quot;:&quot;classic&quot;}\">\n\t\t\t\t\t<div class=\"e-con-inner\">\n\t\t\t\t\t\t\t<h2 \n\t\tdata-interaction-id=\"895b48c\" \n\t\tclass=\"e-895b48c-4e95318 e-heading-base\" \n\t\t \n\t\t\n\t>\n\t\n\t\t\tsomos oko \n\t\t<\/h2>\n\t\t\t\t\t<\/div>\n\t\t\t\t<\/div>\n\t\t<div class=\"elementor-element elementor-element-410e6f4 e-flex e-con-boxed e-con e-parent\" data-id=\"410e6f4\" data-element_type=\"container\" data-e-type=\"container\" data-settings=\"{&quot;background_background&quot;:&quot;classic&quot;}\">\n\t\t\t\t\t<div class=\"e-con-inner\">\n\t\t\t\t\t<\/div>\n\t\t\t\t<\/div>\n\t\t<div class=\"elementor-element elementor-element-00bc0db e-flex e-con-boxed e-con e-parent\" data-id=\"00bc0db\" data-element_type=\"container\" data-e-type=\"container\" data-settings=\"{&quot;background_background&quot;:&quot;classic&quot;}\">\n\t\t\t\t\t<div class=\"e-con-inner\">\n\t\t<div class=\"elementor-element elementor-element-af8fe8a e-con-full e-flex e-con e-child\" data-id=\"af8fe8a\" data-element_type=\"container\" data-e-type=\"container\">\n\t\t\t\t\t\t\t<h2 \n\t\tdata-interaction-id=\"3247420\" \n\t\tclass=\"e-3247420-0c5da44 e-heading-base\" \n\t\t \n\t\t\n\t>\n\t\n\t\t\tMISI\u00d3N:<br><br>Dise\u00f1ar soluciones de dise\u00f1o gr\u00e1fico estrat\u00e9gico y creativo que ayuden a las marcas a&nbsp;comunicar su identidad de manera clara, coherente y atractiva, generando valor visual y&nbsp;fortaleciendo su posicionamiento en el mercado. <br>\n\t\t<\/h2>\n\t\t\t\t<\/div>\n\t\t<div class=\"elementor-element elementor-element-a8b49dc e-con-full e-flex e-con e-child\" data-id=\"a8b49dc\" data-element_type=\"container\" data-e-type=\"container\">\n\t\t\t\t\t\t\t<h2 \n\t\tdata-interaction-id=\"697363c\" \n\t\tclass=\"e-697363c-d0a95a2 e-heading-base\" \n\t\t \n\t\t\n\t>\n\t\n\t\t\tVISI\u00d3N:<br><br>Volvernos una agencia de dise\u00f1o gr\u00e1fico reconocida por su creatividad, innovaci\u00f3n y&nbsp;&nbsp;calidad, convirti\u00e9ndose en un referente en el sector creativo y en un aliado estrat\u00e9gico para&nbsp;&nbsp;marcas que buscan crecer y diferenciarse en el futuro.&nbsp;\n\t\t<\/h2>\n\t\t\t\t<\/div>\n\t\t\t\t\t<\/div>\n\t\t\t\t<\/div>\n\t\t\t\t<\/div>\n\t\t","protected":false},"excerpt":{"rendered":"<p>somos oko MISI\u00d3N: Dise\u00f1ar soluciones de dise\u00f1o gr\u00e1fico estrat\u00e9gico y creativo que ayuden a las marcas a&nbsp;comunicar su identidad de [&hellip;]<\/p>\n","protected":false},"author":1,"featured_media":27,"parent":0,"menu_order":0,"comment_status":"closed","ping_status":"closed","template":"elementor_canvas","meta":{"site-sidebar-layout":"no-sidebar","site-content-layout":"","ast-site-content-layout":"full-width-container","site-content-style":"default","site-sidebar-style":"default","ast-global-header-display":"","ast-banner-title-visibility":"","ast-main-header-display":"","ast-hfb-above-header-display":"","ast-hfb-below-header-display":"","ast-hfb-mobile-header-display":"","site-post-title":"","ast-breadcrumbs-content":"","ast-featured-img":"disabled","footer-sml-layout":"","ast-disable-related-posts":"","theme-transparent-header-meta":"","adv-header-id-meta":"","stick-header-meta":"","header-above-stick-meta":"","header-main-stick-meta":"","header-below-stick-meta":"","astra-migrate-meta-layouts":"default","ast-page-background-enabled":"default","ast-page-background-meta":{"desktop":{"background-color":"var(--ast-global-color-5)","background-image":"","background-repeat":"repeat","background-position":"center center","background-size":"auto","background-attachment":"scroll","background-type":"","background-media":"","overlay-type":"","overlay-color":"","overlay-opacity":"","overlay-gradient":""},"tablet":{"background-color":"","background-image":"","background-repeat":"repeat","background-position":"center center","background-size":"auto","background-attachment":"scroll","background-type":"","background-media":"","overlay-type":"","overlay-color":"","overlay-opacity":"","overlay-gradient":""},"mobile":{"background-color":"","background-image":"","background-repeat":"repeat","background-position":"center center","background-size":"auto","background-attachment":"scroll","background-type":"","background-media":"","overlay-type":"","overlay-color":"","overlay-opacity":"","overlay-gradient":""}},"ast-content-background-meta":{"desktop":{"background-color":"var(--ast-global-color-4)","background-image":"","background-repeat":"repeat","background-position":"center center","background-size":"auto","background-attachment":"scroll","background-type":"","background-media":"","overlay-type":"","overlay-color":"","overlay-opacity":"","overlay-gradient":""},"tablet":{"background-color":"var(--ast-global-color-4)","background-image":"","background-repeat":"repeat","background-position":"center center","background-size":"auto","background-attachment":"scroll","background-type":"","background-media":"","overlay-type":"","overlay-color":"","overlay-opacity":"","overlay-gradient":""},"mobile":{"background-color":"var(--ast-global-color-4)","background-image":"","background-repeat":"repeat","background-position":"center center","background-size":"auto","background-attachment":"scroll","background-type":"","background-media":"","overlay-type":"","overlay-color":"","overlay-opacity":"","overlay-gradient":""}},"footnotes":""},"class_list":["post-8","page","type-page","status-publish","has-post-thumbnail","hentry"],"_hostinger_reach_plugin_has_subscription_block":false,"_hostinger_reach_plugin_is_elementor":false,"_links":{"self":[{"href":"https:\/\/oko.tecnologyzero.com\/index.php?rest_route=\/wp\/v2\/pages\/8","targetHints":{"allow":["GET"]}}],"collection":[{"href":"https:\/\/oko.tecnologyzero.com\/index.php?rest_route=\/wp\/v2\/pages"}],"about":[{"href":"https:\/\/oko.tecnologyzero.com\/index.php?rest_route=\/wp\/v2\/types\/page"}],"author":[{"embeddable":true,"href":"https:\/\/oko.tecnologyzero.com\/index.php?rest_route=\/wp\/v2\/users\/1"}],"replies":[{"embeddable":true,"href":"https:\/\/oko.tecnologyzero.com\/index.php?rest_route=%2Fwp%2Fv2%2Fcomments&post=8"}],"version-history":[{"count":48,"href":"https:\/\/oko.tecnologyzero.com\/index.php?rest_route=\/wp\/v2\/pages\/8\/revisions"}],"predecessor-version":[{"id":74,"href":"https:\/\/oko.tecnologyzero.com\/index.php?rest_route=\/wp\/v2\/pages\/8\/revisions\/74"}],"wp:featuredmedia":[{"embeddable":true,"href":"https:\/\/oko.tecnologyzero.com\/index.php?rest_route=\/wp\/v2\/media\/27"}],"wp:attachment":[{"href":"https:\/\/oko.tecnologyzero.com\/index.php?rest_route=%2Fwp%2Fv2%2Fmedia&parent=8"}],"curies":[{"name":"wp","href":"https:\/\/api.w.org\/{rel}","templated":true}]}}